{"id":2,"date":"2016-05-10T03:48:21","date_gmt":"2016-05-10T03:48:21","guid":{"rendered":"http:\/\/kanzlei-wilhelmshoehe.de\/?page_id=2"},"modified":"2023-06-16T07:24:17","modified_gmt":"2023-06-16T07:24:17","slug":"home","status":"publish","type":"page","link":"https:\/\/kanzlei-wilhelmshoehe.de\/","title":{"rendered":"Home"},"content":{"rendered":"<h2 style=\"text-align: center;\"><span style=\"color: #000000;\">Herzlich Willkommen<\/span><\/h2>\n<p>Wenn es um gute Rechtsberatung geht, sind f\u00fcr uns zwei Aspekte entscheidend: der enge pers\u00f6nliche Austausch sowie die transparente und klare Information \u00fcber Chancen, Risiken und Perspektiven Ihres Anliegens. In unseren Kanzleir\u00e4umen direkt am Bahnhof Wilhelmsh\u00f6he gegen\u00fcber dem Bundessozialgericht sind wir f\u00fcr unsere Mandanten aus dem Norden Hessens ebenso gut erreichbar wie f\u00fcr die Klienten aus dem gesamten Bundesgebiet.<\/p>\n<p>Profitieren Sie von langj\u00e4hriger Erfahrung, Expertenwissen und pers\u00f6nlicher Beratung durch unsere hochspezialisierten Rechtsanw\u00e4lte sowie Fachanw\u00e4lte f\u00fcr Strafrecht und Medizinrecht.<\/p>\n<p>Egal, ob es sich um ein komplexes Verfahren oder eine juristische Krise handelt, wir unterst\u00fctzen die Betroffenen umfassend, um in unruhigen Zeiten mit klarem Blick effiziente Entscheidungen auf gesicherten rechtlichen Erkenntnissen zu treffen.<\/p>\n<p><a href=\"https:\/\/kanzlei-wilhelmshoehe.de\/?page_id=28\" target=\"_blank\" rel=\"noopener\">Wir freuen uns auf Ihre Anfrage.<\/a><\/p>\n","protected":false},"excerpt":{"rendered":"<p>Herzlich Willkommen Wenn es um gute Rechtsberatung geht, sind f\u00fcr uns zwei Aspekte entscheidend: der enge pers\u00f6nliche Austausch sowie die transparente und klare Information \u00fcber Chancen, Risiken und Perspektiven Ihres Anliegens. In unseren Kanzleir\u00e4umen direkt am Bahnhof Wilhelmsh\u00f6he gegen\u00fcber dem Bundessozialgericht sind wir f\u00fcr unsere Mandanten aus dem Norden Hessens ebenso gut erreichbar wie f\u00fcr [&hellip;]<\/p>\n","protected":false},"author":1,"featured_media":56,"parent":0,"menu_order":0,"comment_status":"closed","ping_status":"closed","template":"","meta":{"footnotes":""},"class_list":["post-2","page","type-page","status-publish","has-post-thumbnail","czr-hentry"],"_links":{"self":[{"href":"https:\/\/kanzlei-wilhelmshoehe.de\/index.php?rest_route=\/wp\/v2\/pages\/2","targetHints":{"allow":["GET"]}}],"collection":[{"href":"https:\/\/kanzlei-wilhelmshoehe.de\/index.php?rest_route=\/wp\/v2\/pages"}],"about":[{"href":"https:\/\/kanzlei-wilhelmshoehe.de\/index.php?rest_route=\/wp\/v2\/types\/page"}],"author":[{"embeddable":true,"href":"https:\/\/kanzlei-wilhelmshoehe.de\/index.php?rest_route=\/wp\/v2\/users\/1"}],"replies":[{"embeddable":true,"href":"https:\/\/kanzlei-wilhelmshoehe.de\/index.php?rest_route=%2Fwp%2Fv2%2Fcomments&post=2"}],"version-history":[{"count":47,"href":"https:\/\/kanzlei-wilhelmshoehe.de\/index.php?rest_route=\/wp\/v2\/pages\/2\/revisions"}],"predecessor-version":[{"id":798,"href":"https:\/\/kanzlei-wilhelmshoehe.de\/index.php?rest_route=\/wp\/v2\/pages\/2\/revisions\/798"}],"wp:featuredmedia":[{"embeddable":true,"href":"https:\/\/kanzlei-wilhelmshoehe.de\/index.php?rest_route=\/wp\/v2\/media\/56"}],"wp:attachment":[{"href":"https:\/\/kanzlei-wilhelmshoehe.de\/index.php?rest_route=%2Fwp%2Fv2%2Fmedia&parent=2"}],"curies":[{"name":"wp","href":"https:\/\/api.w.org\/{rel}","templated":true}]}}